{"id":2768,"date":"2023-08-11T10:54:00","date_gmt":"2023-08-11T10:54:00","guid":{"rendered":"https:\/\/orasulparalel.ro\/fabric-azur-2\/"},"modified":"2023-10-03T09:36:32","modified_gmt":"2023-10-03T09:36:32","slug":"fabric-treiregi","status":"publish","type":"page","link":"https:\/\/orasulparalel.ro\/en\/fabric-treiregi\/","title":{"rendered":"Three Kings - Flora&#039;s last day"},"content":{"rendered":"<div data-elementor-type=\"wp-page\" data-elementor-id=\"2768\" class=\"elementor elementor-2768\" data-elementor-post-type=\"page\">\n\t\t\t\t<div class=\"elementor-element elementor-element-14df5d3 e-flex e-con-boxed e-con e-parent\" data-id=\"14df5d3\" data-element_type=\"container\">\n\t\t\t\t\t<div class=\"e-con-inner\">\n\t\t\t\t<div class=\"elementor-element elementor-element-48856c58 elementor-widget elementor-widget-heading\" data-id=\"48856c58\" data-element_type=\"widget\" data-widget_type=\"heading.default\">\n\t\t\t\t<div class=\"elementor-widget-container\">\n\t\t\t\t\t<h2 class=\"elementor-heading-title elementor-size-default\"><br>Parallel City: Fabric \/\/ Flora&#039;s Last Day - Three Kings\n<\/h2>\t\t\t\t<\/div>\n\t\t\t\t<\/div>\n\t\t\t\t<div class=\"elementor-element elementor-element-2fe69c55 elementor-widget-divider--view-line elementor-widget elementor-widget-divider\" data-id=\"2fe69c55\" data-element_type=\"widget\" data-widget_type=\"divider.default\">\n\t\t\t\t<div class=\"elementor-widget-container\">\n\t\t\t\t\t\t\t<div class=\"elementor-divider\">\n\t\t\t<span class=\"elementor-divider-separator\">\n\t\t\t\t\t\t<\/span>\n\t\t<\/div>\n\t\t\t\t\t\t<\/div>\n\t\t\t\t<\/div>\n\t\t<div class=\"elementor-element elementor-element-5e22e36 e-con-full e-flex e-con e-parent\" data-id=\"5e22e36\" data-element_type=\"container\">\n\t\t<div class=\"elementor-element elementor-element-058d79d e-con-full e-flex e-con e-parent\" data-id=\"058d79d\" data-element_type=\"container\">\n\t\t\t\t<div class=\"elementor-element elementor-element-ed56c56 elementor-widget elementor-widget-text-editor\" data-id=\"ed56c56\" data-element_type=\"widget\" data-widget_type=\"text-editor.default\">\n\t\t\t\t<div class=\"elementor-widget-container\">\n\t\t\t\t\t\t\t\t\t<p>Download the app\u00a0<\/p><p>RO\/HU\/DE\/EN<\/p>\t\t\t\t\t\t\t\t<\/div>\n\t\t\t\t<\/div>\n\t\t\t\t<\/div>\n\t\t<div class=\"elementor-element elementor-element-5734417 e-con-full e-flex e-con e-parent\" data-id=\"5734417\" data-element_type=\"container\">\n\t\t\t\t<div class=\"elementor-element elementor-element-2a90672 elementor-view-default elementor-widget elementor-widget-icon\" data-id=\"2a90672\" data-element_type=\"widget\" data-widget_type=\"icon.default\">\n\t\t\t\t<div class=\"elementor-widget-container\">\n\t\t\t\t\t\t\t<div class=\"elementor-icon-wrapper\">\n\t\t\t<a class=\"elementor-icon\" href=\"https:\/\/play.google.com\/store\/apps\/details?id=com.orasulparalel.ultimaziaflorei\">\n\t\t\t<i aria-hidden=\"true\" class=\"fab fa-google-play\"><\/i>\t\t\t<\/a>\n\t\t<\/div>\n\t\t\t\t\t\t<\/div>\n\t\t\t\t<\/div>\n\t\t\t\t<\/div>\n\t\t<div class=\"elementor-element elementor-element-5d67024 e-con-full e-flex e-con e-parent\" data-id=\"5d67024\" data-element_type=\"container\">\n\t\t\t\t<div class=\"elementor-element elementor-element-ef22b93 elementor-view-default elementor-widget elementor-widget-icon\" data-id=\"ef22b93\" data-element_type=\"widget\" data-widget_type=\"icon.default\">\n\t\t\t\t<div class=\"elementor-widget-container\">\n\t\t\t\t\t\t\t<div class=\"elementor-icon-wrapper\">\n\t\t\t<a class=\"elementor-icon\" href=\"https:\/\/apps.apple.com\/ro\/app\/floras-last-day\/id6464582889?l=ro\">\n\t\t\t<i aria-hidden=\"true\" class=\"fab fa-app-store-ios\"><\/i>\t\t\t<\/a>\n\t\t<\/div>\n\t\t\t\t\t\t<\/div>\n\t\t\t\t<\/div>\n\t\t\t\t<\/div>\n\t\t\t\t<\/div>\n\t\t\t\t\t<\/div>\n\t\t\t\t<\/div>\n\t\t<div class=\"elementor-element elementor-element-736cbebf e-flex e-con-boxed e-con e-parent\" data-id=\"736cbebf\" data-element_type=\"container\">\n\t\t\t\t\t<div class=\"e-con-inner\">\n\t\t\t\t<div class=\"elementor-element elementor-element-7157ce66 elementor-widget-divider--view-line elementor-widget elementor-widget-divider\" data-id=\"7157ce66\" data-element_type=\"widget\" data-widget_type=\"divider.default\">\n\t\t\t\t<div class=\"elementor-widget-container\">\n\t\t\t\t\t\t\t<div class=\"elementor-divider\">\n\t\t\t<span class=\"elementor-divider-separator\">\n\t\t\t\t\t\t<\/span>\n\t\t<\/div>\n\t\t\t\t\t\t<\/div>\n\t\t\t\t<\/div>\n\t\t\t\t<div class=\"elementor-element elementor-element-3d5e7fa0 elementor-widget elementor-widget-text-editor\" data-id=\"3d5e7fa0\" data-element_type=\"widget\" data-widget_type=\"text-editor.default\">\n\t\t\t\t<div class=\"elementor-widget-container\">\n\t\t\t\t\t\t\t\t\t<p>You have arrived in Parallel City: Fabric. You can see clips from the last day Fl\u00f3ra was seen in the neighborhood. In 2002, Fl\u00f3ra disappears without a trace. 20 years later, her daughter Agnes \u2013 now an adult \u2013 is still looking for her. Will you help?\u00a0<\/p>\t\t\t\t\t\t\t\t<\/div>\n\t\t\t\t<\/div>\n\t\t\t\t\t<\/div>\n\t\t\t\t<\/div>\n\t\t<div class=\"elementor-element elementor-element-2a819b7c e-flex e-con-boxed e-con e-parent\" data-id=\"2a819b7c\" data-element_type=\"container\">\n\t\t\t\t\t<div class=\"e-con-inner\">\n\t\t<div class=\"elementor-element elementor-element-324654c9 e-con-full e-flex e-con e-parent\" data-id=\"324654c9\" data-element_type=\"container\">\n\t\t\t\t<div class=\"elementor-element elementor-element-31b2fac7 elementor-widget elementor-widget-video\" data-id=\"31b2fac7\" data-element_type=\"widget\" data-settings=\"{&quot;youtube_url&quot;:&quot;https:\\\/\\\/youtu.be\\\/GHpyDCU3mZw&quot;,&quot;video_type&quot;:&quot;youtube&quot;,&quot;controls&quot;:&quot;yes&quot;}\" data-widget_type=\"video.default\">\n\t\t\t\t<div class=\"elementor-widget-container\">\n\t\t\t\t\t\t\t<div class=\"elementor-wrapper elementor-open-inline\">\n\t\t\t<div class=\"elementor-video\"><\/div>\t\t<\/div>\n\t\t\t\t\t\t<\/div>\n\t\t\t\t<\/div>\n\t\t\t\t<\/div>\n\t\t<div class=\"elementor-element elementor-element-2ef53ff5 e-con-full e-flex e-con e-parent\" data-id=\"2ef53ff5\" data-element_type=\"container\">\n\t\t\t\t<div class=\"elementor-element elementor-element-151fdd76 elementor-widget elementor-widget-video\" data-id=\"151fdd76\" data-element_type=\"widget\" data-settings=\"{&quot;youtube_url&quot;:&quot;https:\\\/\\\/youtu.be\\\/PPCPuGFT7CI&quot;,&quot;video_type&quot;:&quot;youtube&quot;,&quot;controls&quot;:&quot;yes&quot;}\" data-widget_type=\"video.default\">\n\t\t\t\t<div class=\"elementor-widget-container\">\n\t\t\t\t\t\t\t<div class=\"elementor-wrapper elementor-open-inline\">\n\t\t\t<div class=\"elementor-video\"><\/div>\t\t<\/div>\n\t\t\t\t\t\t<\/div>\n\t\t\t\t<\/div>\n\t\t\t\t<\/div>\n\t\t<div class=\"elementor-element elementor-element-7d55a5d e-con-full e-flex e-con e-parent\" data-id=\"7d55a5d\" data-element_type=\"container\">\n\t\t\t\t<div class=\"elementor-element elementor-element-5670bf3d elementor-widget elementor-widget-video\" data-id=\"5670bf3d\" data-element_type=\"widget\" data-settings=\"{&quot;youtube_url&quot;:&quot;https:\\\/\\\/youtu.be\\\/bg5tUs-3u6w&quot;,&quot;video_type&quot;:&quot;youtube&quot;,&quot;controls&quot;:&quot;yes&quot;}\" data-widget_type=\"video.default\">\n\t\t\t\t<div class=\"elementor-widget-container\">\n\t\t\t\t\t\t\t<div class=\"elementor-wrapper elementor-open-inline\">\n\t\t\t<div class=\"elementor-video\"><\/div>\t\t<\/div>\n\t\t\t\t\t\t<\/div>\n\t\t\t\t<\/div>\n\t\t\t\t<\/div>\n\t\t<div class=\"elementor-element elementor-element-6af34535 e-con-full e-flex e-con e-parent\" data-id=\"6af34535\" data-element_type=\"container\">\n\t\t\t\t<div class=\"elementor-element elementor-element-721da916 elementor-widget elementor-widget-video\" data-id=\"721da916\" data-element_type=\"widget\" data-settings=\"{&quot;youtube_url&quot;:&quot;https:\\\/\\\/youtu.be\\\/Q5byuNi_tU0&quot;,&quot;video_type&quot;:&quot;youtube&quot;,&quot;controls&quot;:&quot;yes&quot;}\" data-widget_type=\"video.default\">\n\t\t\t\t<div class=\"elementor-widget-container\">\n\t\t\t\t\t\t\t<div class=\"elementor-wrapper elementor-open-inline\">\n\t\t\t<div class=\"elementor-video\"><\/div>\t\t<\/div>\n\t\t\t\t\t\t<\/div>\n\t\t\t\t<\/div>\n\t\t\t\t<\/div>\n\t\t\t\t\t<\/div>\n\t\t\t\t<\/div>\n\t\t\t\t<\/div>\n\t\t\n    <div class=\"xs_social_share_widget xs_share_url after_content \t\tmain_content  wslu-style-1 wslu-share-box-shaped wslu-fill-colored wslu-none wslu-share-horizontal wslu-theme-font-no wslu-main_content\">\n\n\t\t\n        <ul>\n\t\t\t        <\/ul>\n    <\/div>","protected":false},"excerpt":{"rendered":"<p>Parallel City: Fabric \/\/ Fl\u00f3ra&#039;s Last Day \u2013 Three Kings Download the app RO\/HU\/DE\/EN You&#039;ve arrived at Parallel City: Fabric. You can watch clips from the last day Fl\u00f3ra was seen in the neighborhood. In 2002, Fl\u00f3ra disappears without a trace. 20 years later, her daughter Agnes \u2013 now an adult \u2013 is still looking for her. Can you help her? https:\/\/youtu.be\/GHpyDCU3mZwhttps:\/\/youtu.be\/PPCPuGFT7CIhttps:\/\/youtu.be\/bg5tUs-3u6whttps:\/\/youtu.be\/Q5byuNi_tU0<\/p>","protected":false},"author":1,"featured_media":0,"parent":0,"menu_order":0,"comment_status":"closed","ping_status":"closed","template":"","meta":{"postBodyCss":"","postBodyMargin":[],"postBodyPadding":[],"postBodyBackground":{"backgroundType":"classic","gradient":""},"footnotes":""},"class_list":["post-2768","page","type-page","status-publish","hentry"],"yoast_head":"<!-- This site is optimized with the Yoast SEO Premium plugin v20.7 (Yoast SEO v20.7) - https:\/\/yoast.com\/wordpress\/plugins\/seo\/ -->\n<title>Trei Regi - Ultima zi a Fl\u00f3rei - Ora\u0219ul Paralel<\/title>\n<meta name=\"robots\" content=\"index, follow, max-snippet:-1, max-image-preview:large, max-video-preview:-1\" \/>\n<link rel=\"canonical\" href=\"https:\/\/orasulparalel.ro\/en\/fabric-treiregi\/\" \/>\n<meta property=\"og:locale\" content=\"en_GB\" \/>\n<meta property=\"og:type\" content=\"article\" \/>\n<meta property=\"og:title\" content=\"Trei Regi - Ultima zi a Fl\u00f3rei - Ora\u0219ul Paralel\" \/>\n<meta property=\"og:description\" content=\"Ora\u0219ul Paralel: Fabric \/\/ Ultima zi a Fl\u00f3rei &#8211; Trei Regi Descarc\u0103 aplica\u021bia\u00a0 RO\/HU\/DE\/EN Ai\u00a0ajuns in Orasul Paralel: Fabric. Po\u021bi s\u0103 vezi clipuri din ultima zi \u00een care Fl\u00f3ra a fost v\u0103zut\u0103 \u00een cartier. \u00cen 2002,\u00a0Fl\u00f3ra\u00a0\u00a0dispare f\u0103r\u0103 urm\u0103. 20 de ani mai t\u00e2rziu, fiica ei\u00a0Agnes \u2013 acum adult\u0103 \u2013 \u00eenc\u0103 o caut\u0103. O aju\u021bi?\u00a0 https:\/\/youtu.be\/GHpyDCU3mZwhttps:\/\/youtu.be\/PPCPuGFT7CIhttps:\/\/youtu.be\/bg5tUs-3u6whttps:\/\/youtu.be\/Q5byuNi_tU0\" \/>\n<meta property=\"og:url\" content=\"https:\/\/orasulparalel.ro\/en\/fabric-treiregi\/\" \/>\n<meta property=\"og:site_name\" content=\"Ora\u0219ul Paralel\" \/>\n<meta property=\"article:publisher\" content=\"https:\/\/www.facebook.com\/orasulparaleltimisoara\" \/>\n<meta property=\"article:modified_time\" content=\"2023-10-03T09:36:32+00:00\" \/>\n<meta name=\"twitter:card\" content=\"summary_large_image\" \/>\n<meta name=\"twitter:label1\" content=\"Estimated reading time\" \/>\n\t<meta name=\"twitter:data1\" content=\"1 minute\" \/>\n<script type=\"application\/ld+json\" class=\"yoast-schema-graph\">{\"@context\":\"https:\/\/schema.org\",\"@graph\":[{\"@type\":\"WebPage\",\"@id\":\"https:\/\/orasulparalel.ro\/fabric-treiregi\/\",\"url\":\"https:\/\/orasulparalel.ro\/fabric-treiregi\/\",\"name\":\"Trei Regi - Ultima zi a Fl\u00f3rei - Ora\u0219ul Paralel\",\"isPartOf\":{\"@id\":\"https:\/\/orasulparalel.ro\/#website\"},\"datePublished\":\"2023-08-11T10:54:00+00:00\",\"dateModified\":\"2023-10-03T09:36:32+00:00\",\"breadcrumb\":{\"@id\":\"https:\/\/orasulparalel.ro\/fabric-treiregi\/#breadcrumb\"},\"inLanguage\":\"en-GB\",\"potentialAction\":[{\"@type\":\"ReadAction\",\"target\":[\"https:\/\/orasulparalel.ro\/fabric-treiregi\/\"]}]},{\"@type\":\"BreadcrumbList\",\"@id\":\"https:\/\/orasulparalel.ro\/fabric-treiregi\/#breadcrumb\",\"itemListElement\":[{\"@type\":\"ListItem\",\"position\":1,\"name\":\"Acas\u0103\",\"item\":\"https:\/\/orasulparalel.ro\/\"},{\"@type\":\"ListItem\",\"position\":2,\"name\":\"Trei Regi &#8211; Ultima zi a Fl\u00f3rei\"}]},{\"@type\":\"WebSite\",\"@id\":\"https:\/\/orasulparalel.ro\/#website\",\"url\":\"https:\/\/orasulparalel.ro\/\",\"name\":\"Ora\u0219ul Paralel\",\"description\":\"Spectacol imersiv\",\"publisher\":{\"@id\":\"https:\/\/orasulparalel.ro\/#organization\"},\"potentialAction\":[{\"@type\":\"SearchAction\",\"target\":{\"@type\":\"EntryPoint\",\"urlTemplate\":\"https:\/\/orasulparalel.ro\/?s={search_term_string}\"},\"query-input\":\"required name=search_term_string\"}],\"inLanguage\":\"en-GB\"},{\"@type\":\"Organization\",\"@id\":\"https:\/\/orasulparalel.ro\/#organization\",\"name\":\"Ora\u0219ul Paralel\",\"alternateName\":\"OP\",\"url\":\"https:\/\/orasulparalel.ro\/\",\"logo\":{\"@type\":\"ImageObject\",\"inLanguage\":\"en-GB\",\"@id\":\"https:\/\/orasulparalel.ro\/#\/schema\/logo\/image\/\",\"url\":\"https:\/\/orasulparalel.ro\/wp-content\/uploads\/2023\/06\/logo.png\",\"contentUrl\":\"https:\/\/orasulparalel.ro\/wp-content\/uploads\/2023\/06\/logo.png\",\"width\":300,\"height\":200,\"caption\":\"Ora\u0219ul Paralel\"},\"image\":{\"@id\":\"https:\/\/orasulparalel.ro\/#\/schema\/logo\/image\/\"},\"sameAs\":[\"https:\/\/www.facebook.com\/orasulparaleltimisoara\",\"https:\/\/www.instagram.com\/orasulparalel\/\",\"http:\/\/www.tiktok.com\/@orasulparelel0\",\"https:\/\/www.youtube.com\/@CiviCultura\"]}]}<\/script>\n<!-- \/ Yoast SEO Premium plugin. -->","yoast_head_json":{"title":"Trei Regi - Ultima zi a Fl\u00f3rei - Ora\u0219ul Paralel","robots":{"index":"index","follow":"follow","max-snippet":"max-snippet:-1","max-image-preview":"max-image-preview:large","max-video-preview":"max-video-preview:-1"},"canonical":"https:\/\/orasulparalel.ro\/en\/fabric-treiregi\/","og_locale":"en_GB","og_type":"article","og_title":"Trei Regi - Ultima zi a Fl\u00f3rei - Ora\u0219ul Paralel","og_description":"Ora\u0219ul Paralel: Fabric \/\/ Ultima zi a Fl\u00f3rei &#8211; Trei Regi Descarc\u0103 aplica\u021bia\u00a0 RO\/HU\/DE\/EN Ai\u00a0ajuns in Orasul Paralel: Fabric. Po\u021bi s\u0103 vezi clipuri din ultima zi \u00een care Fl\u00f3ra a fost v\u0103zut\u0103 \u00een cartier. \u00cen 2002,\u00a0Fl\u00f3ra\u00a0\u00a0dispare f\u0103r\u0103 urm\u0103. 20 de ani mai t\u00e2rziu, fiica ei\u00a0Agnes \u2013 acum adult\u0103 \u2013 \u00eenc\u0103 o caut\u0103. O aju\u021bi?\u00a0 https:\/\/youtu.be\/GHpyDCU3mZwhttps:\/\/youtu.be\/PPCPuGFT7CIhttps:\/\/youtu.be\/bg5tUs-3u6whttps:\/\/youtu.be\/Q5byuNi_tU0","og_url":"https:\/\/orasulparalel.ro\/en\/fabric-treiregi\/","og_site_name":"Ora\u0219ul Paralel","article_publisher":"https:\/\/www.facebook.com\/orasulparaleltimisoara","article_modified_time":"2023-10-03T09:36:32+00:00","twitter_card":"summary_large_image","twitter_misc":{"Estimated reading time":"1 minute"},"schema":{"@context":"https:\/\/schema.org","@graph":[{"@type":"WebPage","@id":"https:\/\/orasulparalel.ro\/fabric-treiregi\/","url":"https:\/\/orasulparalel.ro\/fabric-treiregi\/","name":"Trei Regi - Ultima zi a Fl\u00f3rei - Ora\u0219ul Paralel","isPartOf":{"@id":"https:\/\/orasulparalel.ro\/#website"},"datePublished":"2023-08-11T10:54:00+00:00","dateModified":"2023-10-03T09:36:32+00:00","breadcrumb":{"@id":"https:\/\/orasulparalel.ro\/fabric-treiregi\/#breadcrumb"},"inLanguage":"en-GB","potentialAction":[{"@type":"ReadAction","target":["https:\/\/orasulparalel.ro\/fabric-treiregi\/"]}]},{"@type":"BreadcrumbList","@id":"https:\/\/orasulparalel.ro\/fabric-treiregi\/#breadcrumb","itemListElement":[{"@type":"ListItem","position":1,"name":"Acas\u0103","item":"https:\/\/orasulparalel.ro\/"},{"@type":"ListItem","position":2,"name":"Trei Regi &#8211; Ultima zi a Fl\u00f3rei"}]},{"@type":"WebSite","@id":"https:\/\/orasulparalel.ro\/#website","url":"https:\/\/orasulparalel.ro\/","name":"Ora\u0219ul Paralel","description":"Spectacol imersiv","publisher":{"@id":"https:\/\/orasulparalel.ro\/#organization"},"potentialAction":[{"@type":"SearchAction","target":{"@type":"EntryPoint","urlTemplate":"https:\/\/orasulparalel.ro\/?s={search_term_string}"},"query-input":"required name=search_term_string"}],"inLanguage":"en-GB"},{"@type":"Organization","@id":"https:\/\/orasulparalel.ro\/#organization","name":"Ora\u0219ul Paralel","alternateName":"OP","url":"https:\/\/orasulparalel.ro\/","logo":{"@type":"ImageObject","inLanguage":"en-GB","@id":"https:\/\/orasulparalel.ro\/#\/schema\/logo\/image\/","url":"https:\/\/orasulparalel.ro\/wp-content\/uploads\/2023\/06\/logo.png","contentUrl":"https:\/\/orasulparalel.ro\/wp-content\/uploads\/2023\/06\/logo.png","width":300,"height":200,"caption":"Ora\u0219ul Paralel"},"image":{"@id":"https:\/\/orasulparalel.ro\/#\/schema\/logo\/image\/"},"sameAs":["https:\/\/www.facebook.com\/orasulparaleltimisoara","https:\/\/www.instagram.com\/orasulparalel\/","http:\/\/www.tiktok.com\/@orasulparelel0","https:\/\/www.youtube.com\/@CiviCultura"]}]}},"_links":{"self":[{"href":"https:\/\/orasulparalel.ro\/en\/wp-json\/wp\/v2\/pages\/2768","targetHints":{"allow":["GET"]}}],"collection":[{"href":"https:\/\/orasulparalel.ro\/en\/wp-json\/wp\/v2\/pages"}],"about":[{"href":"https:\/\/orasulparalel.ro\/en\/wp-json\/wp\/v2\/types\/page"}],"author":[{"embeddable":true,"href":"https:\/\/orasulparalel.ro\/en\/wp-json\/wp\/v2\/users\/1"}],"replies":[{"embeddable":true,"href":"https:\/\/orasulparalel.ro\/en\/wp-json\/wp\/v2\/comments?post=2768"}],"version-history":[{"count":7,"href":"https:\/\/orasulparalel.ro\/en\/wp-json\/wp\/v2\/pages\/2768\/revisions"}],"predecessor-version":[{"id":2880,"href":"https:\/\/orasulparalel.ro\/en\/wp-json\/wp\/v2\/pages\/2768\/revisions\/2880"}],"wp:attachment":[{"href":"https:\/\/orasulparalel.ro\/en\/wp-json\/wp\/v2\/media?parent=2768"}],"curies":[{"name":"wp","href":"https:\/\/api.w.org\/{rel}","templated":true}]}}